{"id":14189,"date":"2022-10-29T12:01:14","date_gmt":"2022-10-29T10:01:14","guid":{"rendered":"https:\/\/www.secify.com\/?page_id=14189"},"modified":"2024-05-24T15:32:41","modified_gmt":"2024-05-24T13:32:41","slug":"privacy-policy","status":"publish","type":"page","link":"https:\/\/cranky-liskov-4cf418.wp.onstaatic.com\/en\/about-secify\/privacy-policy\/","title":{"rendered":"Privacy policy"},"content":{"rendered":"<div class=\"fusion-fullwidth fullwidth-box fusion-builder-row-1 fusion-flex-container nonhundred-percent-fullwidth non-hundred-percent-height-scrolling\" style=\"--awb-border-radius-top-left:0px;--awb-border-radius-top-right:0px;--awb-border-radius-bottom-right:0px;--awb-border-radius-bottom-left:0px;--awb-padding-top:0px;--awb-flex-wrap:wrap;\" ><div class=\"fusion-builder-row fusion-row fusion-flex-align-items-flex-start fusion-flex-content-wrap\" style=\"max-width:1248px;margin-left: calc(-4% \/ 2 );margin-right: calc(-4% \/ 2 );\"><div class=\"fusion-layout-column fusion_builder_column fusion-builder-column-0 fusion_builder_column_1_1 1_1 fusion-flex-column\" style=\"--awb-bg-size:cover;--awb-width-large:100%;--awb-margin-top-large:0px;--awb-spacing-right-large:1.92%;--awb-margin-bottom-large:20px;--awb-spacing-left-large:1.92%;--awb-width-medium:100%;--awb-spacing-right-medium:1.92%;--awb-spacing-left-medium:1.92%;--awb-width-small:100%;--awb-spacing-right-small:1.92%;--awb-spacing-left-small:1.92%;\"><div class=\"fusion-column-wrapper fusion-flex-justify-content-flex-start fusion-content-layout-column\"><div class=\"fusion-text fusion-text-1\"><h1>Integritetsskyddspolicy<\/h1>\n<p>In the Privacy Protection Policy presented below you will find information about Secify&#8217;s personal data processing:<\/p>\n<p>Regarding cookies settings, you have the opportunity to revoke your consent or adjust your settings on this link.<\/p>\n<p><strong>[wt_cli_manage_consent]<\/strong><\/p>\n<p><strong>1. INTRODUCTION\u00a0\u00a0<\/strong><\/p>\n<p>Secify by Sweden AB (&#8220;Secify&#8221;), 559078-8062, takes privacy protection and data protection very seriously. We therefore want to inform you through this Privacy Protection Policy about the personal data processing for you. A personal data is a task that, directly or indirectly, can identify an individual, such as name, telephone number, address and mail. Secify complies with all applicable legislation and all personal data processing takes place on the basis of the EU Data Protection Regulation, GDPR (EU) 2016\/679. You can read more about the regulation on the Swedish Supervisory Authority&#8217;s website www.integrity protection authority.se.<\/p>\n<p>Personal data manager is Secify, 559078-8062, on \u00d6stra Storgatan 67, 553 21 J\u00f6nk\u00f6ping. You will contact us regarding privacy and data protection via our contact form or at 020-66 99 00.<\/p>\n<p><strong>2. Privacy policy<\/strong><\/p>\n<p><strong>2.1 Processing of your personal data<\/strong><\/p>\n<p>Your information may be saved with us in cases where you have been employed by us, entered into an agreement, have a customer or supplier relationship and\/or have been in contact with us and in some cases because we have received the information from a third party. The legal basis for processing is the fulfillment of agreements, legal obligation, balance of interests and in some cases consent.<\/p>\n<p>We process your personal data for contract purposes, the opportunity to contact you, secure identification, fulfill your or our legal obligations, provide the opportunity to offer and fulfill all our services towards you.<\/p>\n<p><strong>2.2 Sharing your personal data<\/strong><\/p>\n<p>Your information is stored at one or more databases that are hosted by third parties located in the EU. These third parties do not use and do not have access to your personal data for purposes other than those reported and to perform cloud services and storage services. We do not sell personal data to anyone and share only personal data with third parties that facilitate the provision of our services, such as subcontractors, for which we are responsible.<\/p>\n<p>We do not otherwise share your personal information with third parties if not; (i) you request it or agree to it; (ii) Information is disclosed to comply with the law, fulfill an agreement we have with you, or protect our rights, property or security for the service, or other users or our employees; (iii) to deal with distress or force majeure events; or (iv) to deal with disputes, requirements or respond to people who act on your mission.<\/p>\n<p><strong>2.3 Security for your personal data<\/strong><\/p>\n<p>In order to protect the privacy of your personal data, we take appropriate technical and organizational safeguards. We constantly update and test our security technology. We limit access to your personal data to the employees who need to know it to perform their work. In addition, we train our employees on the importance of confidentiality and maintain the integrity and security of your information. We undertake to take appropriate disciplinary measures to maintain our employees&#8217; privacy responsibility.<\/p>\n<p><strong>2.4 Your rights<\/strong><\/p>\n<p>If you consider that any information about you is incorrect or misleading, you should contact us immediately. You can also notify us if you want to limit your personal data in any way, object to the processing or delete them (subject to certain exceptions). Where technically feasible, after your request, we will submit your personal information to you or transfer them directly to another responsible. You may also request information free of charge once\/year about: the purposes of the treatment; categories of personal data; who outside Secify who received personal data from us; which source the information has (unless you left it directly to us); And how long your personal data is stored. SECIFY will respond to your request no later than 30 days after request was received. To use the rights above, use our contact form to get in touch with us or call 020-66 99 00.<\/p>\n<p><strong>2.5 Data storage<\/strong><\/p>\n<p>Your personal data is no longer stored than necessary and follows clear thinning routines. Data is processed for different periods of time to allow the opportunity to fulfill our legal obligations or offer the best possible service. Information about storage time is provided at the start of the treatment and if you have questions about treatment time, you are welcome to contact us via our contact form or at 020-66 99 00 and we will tell you more.<\/p>\n<p><strong>2.6 Cookies<\/strong><\/p>\n<div class=\"page-title-wrapper\">\n<p>A cookie is a small text file that the site you visit requests to save on your computer. Cookies are used on many websites to give a visitor access to various features. The information in the cookie is possible to follow a user&#8217;s surfing.<\/p>\n<p>There are two types of cookies.<br \/>\nOne type saves a file for an extended period of time on your computer. It is used, for example, in features that talk about what is new since the user last visited the current site.<br \/>\nThe second type of cookies is called session cookies. While you are browsing one page, this cookie is temporarily stored in your computer&#8217;s memory, for example to keep track of which language you have chosen. Session cookies are not stored for a long time on your computer, but disappear when you close your browser.<\/p>\n<p>Secify uses both temporary and stored cookies. We do this partly to be able to follow how visitors interact with the website and through that statistics improve our website and its content. You can use the website even without cookies. If you want to turn off the use of cookies, do so in the settings for your browser.<\/p>\n<\/div>\n<\/div><div class=\"fusion-separator fusion-full-width-sep\" style=\"align-self: center;margin-left: auto;margin-right: auto;margin-top:20px;width:100%;\"><\/div><div class=\"fusion-text fusion-text-2\"><p>[cookie_audit]<\/p>\n<\/div><div class=\"fusion-separator fusion-full-width-sep\" style=\"align-self: center;margin-left: auto;margin-right: auto;margin-top:20px;width:100%;\"><\/div><div class=\"fusion-text fusion-text-3\"><p><strong>2.7 Ytterligare information<\/strong><\/p>\n<p>Vi inser att dataskydd och integritetsfr\u00e5gor \u00e4r ett l\u00e5ngsiktigt ansvar, varf\u00f6r vi fr\u00e5n tid till annan kan komma att uppdatera denna\u00a0integritetsskyddspolicy\u00a0n\u00e4r vi utvecklar v\u00e5r personuppgiftsbehandling eller antar nya\u00a0policyer p\u00e5 omr\u00e5det.<\/p>\n<p>Europeiska Unionens dataskyddsf\u00f6rordning och andra l\u00e4nders personuppgiftslagar ger s\u00e4rskilda r\u00e4ttigheter f\u00f6r registrerade. En bra f\u00f6rklaring av dessa (p\u00e5 svenska) \u00e5terfinns p\u00e5 hemsidan av integritetsskyddsmyndigheten. Om du anser att vi p\u00e5 n\u00e5got s\u00e4tt har behandlat dina personuppgifter felaktigt kan du v\u00e4nda dig till <a href=\"mailto:imy@imy.se\">imy@imy.se.<\/a><\/p>\n<\/div><div class=\"fusion-separator fusion-full-width-sep\" style=\"align-self: center;margin-left: auto;margin-right: auto;margin-top:20px;width:100%;\"><\/div><\/div><\/div><\/div><\/div>\n","protected":false},"excerpt":{"rendered":"","protected":false},"author":9,"featured_media":0,"parent":14111,"menu_order":0,"comment_status":"closed","ping_status":"closed","template":"100-width.php","meta":{"staatic_meta_publish":"","footnotes":""},"class_list":["post-14189","page","type-page","status-publish","hentry"],"_links":{"self":[{"href":"https:\/\/cranky-liskov-4cf418.wp.onstaatic.com\/en\/wp-json\/wp\/v2\/pages\/14189","targetHints":{"allow":["GET"]}}],"collection":[{"href":"https:\/\/cranky-liskov-4cf418.wp.onstaatic.com\/en\/wp-json\/wp\/v2\/pages"}],"about":[{"href":"https:\/\/cranky-liskov-4cf418.wp.onstaatic.com\/en\/wp-json\/wp\/v2\/types\/page"}],"author":[{"embeddable":true,"href":"https:\/\/cranky-liskov-4cf418.wp.onstaatic.com\/en\/wp-json\/wp\/v2\/users\/9"}],"replies":[{"embeddable":true,"href":"https:\/\/cranky-liskov-4cf418.wp.onstaatic.com\/en\/wp-json\/wp\/v2\/comments?post=14189"}],"version-history":[{"count":0,"href":"https:\/\/cranky-liskov-4cf418.wp.onstaatic.com\/en\/wp-json\/wp\/v2\/pages\/14189\/revisions"}],"up":[{"embeddable":true,"href":"https:\/\/cranky-liskov-4cf418.wp.onstaatic.com\/en\/wp-json\/wp\/v2\/pages\/14111"}],"wp:attachment":[{"href":"https:\/\/cranky-liskov-4cf418.wp.onstaatic.com\/en\/wp-json\/wp\/v2\/media?parent=14189"}],"curies":[{"name":"wp","href":"https:\/\/api.w.org\/{rel}","templated":true}]}}