{"id":19385,"date":"2024-06-12T14:11:11","date_gmt":"2024-06-12T12:11:11","guid":{"rendered":"https:\/\/cranky-liskov-4cf418.wp.onstaatic.com\/cybersecurity-training-courses\/"},"modified":"2024-06-12T14:14:20","modified_gmt":"2024-06-12T12:14:20","slug":"cybersecurity-training-courses","status":"publish","type":"page","link":"https:\/\/cranky-liskov-4cf418.wp.onstaatic.com\/en\/training-courses\/cybersecurity-training-courses\/","title":{"rendered":"Cybersecurity training courses"},"content":{"rendered":"<div class=\"fusion-fullwidth fullwidth-box fusion-builder-row-1 fusion-flex-container has-pattern-background has-mask-background fusion-parallax-none hundred-percent-fullwidth non-hundred-percent-height-scrolling\" style=\"--awb-border-radius-top-left:0px;--awb-border-radius-top-right:0px;--awb-border-radius-bottom-right:0px;--awb-border-radius-bottom-left:0px;--awb-background-image:url(&quot;https:\/\/www.secify.com\/wp-content\/uploads\/2022\/05\/utbildningar-huvudbild.jpg&quot;);--awb-background-size:cover;--awb-flex-wrap:wrap;\" ><div class=\"fusion-builder-row fusion-row fusion-flex-align-items-flex-start fusion-flex-content-wrap\" style=\"width:104% !important;max-width:104% !important;margin-left: calc(-4% \/ 2 );margin-right: calc(-4% \/ 2 );\"><div class=\"fusion-layout-column fusion_builder_column fusion-builder-column-0 fusion_builder_column_1_1 1_1 fusion-flex-column bgh1\" style=\"--awb-padding-top:250px;--awb-padding-bottom:150px;--awb-bg-size:cover;--awb-width-large:100%;--awb-margin-top-large:0px;--awb-spacing-right-large:1.92%;--awb-margin-bottom-large:20px;--awb-spacing-left-large:1.92%;--awb-width-medium:100%;--awb-order-medium:0;--awb-spacing-right-medium:1.92%;--awb-spacing-left-medium:1.92%;--awb-width-small:100%;--awb-order-small:0;--awb-spacing-right-small:1.92%;--awb-spacing-left-small:1.92%;\"><div class=\"fusion-column-wrapper fusion-column-has-shadow fusion-flex-justify-content-flex-start fusion-content-layout-column\"><div class=\"fusion-text fusion-text-1\"><h1 style=\"text-align: center;\"><span style=\"color: #ffffff;\">Training courses<\/span><\/h1>\n<\/div><\/div><\/div><\/div><\/div><div class=\"fusion-fullwidth fullwidth-box fusion-builder-row-2 fusion-flex-container nonhundred-percent-fullwidth non-hundred-percent-height-scrolling\" style=\"--awb-border-radius-top-left:0px;--awb-border-radius-top-right:0px;--awb-border-radius-bottom-right:0px;--awb-border-radius-bottom-left:0px;--awb-padding-top:60px;--awb-padding-right:0px;--awb-padding-bottom:60px;--awb-padding-left:0px;--awb-margin-top:30px;--awb-margin-bottom:30px;--awb-background-color:#f6f6f6;--awb-flex-wrap:wrap;\" ><div class=\"fusion-builder-row fusion-row fusion-flex-align-items-flex-start fusion-flex-content-wrap\" style=\"max-width:1248px;margin-left: calc(-4% \/ 2 );margin-right: calc(-4% \/ 2 );\"><div class=\"fusion-layout-column fusion_builder_column fusion-builder-column-1 fusion_builder_column_3_5 3_5 fusion-flex-column\" style=\"--awb-bg-size:cover;--awb-width-large:60%;--awb-margin-top-large:0px;--awb-spacing-right-large:3.2%;--awb-margin-bottom-large:20px;--awb-spacing-left-large:3.2%;--awb-width-medium:60%;--awb-order-medium:0;--awb-spacing-right-medium:3.2%;--awb-spacing-left-medium:3.2%;--awb-width-small:100%;--awb-order-small:0;--awb-spacing-right-small:1.92%;--awb-spacing-left-small:1.92%;\"><div class=\"fusion-column-wrapper fusion-column-has-shadow fusion-flex-justify-content-flex-start fusion-content-layout-column\"><div class=\"fusion-text fusion-text-2\" style=\"--awb-text-transform:none;\"><h2>Training that makes a difference<\/h2>\n<\/div><div class=\"fusion-text fusion-text-3\"><p>As the technical security of organizations improves, attackers are increasingly shifting their focus to individual employees and the human factor. Employees are the company&#8217;s most important resource, but also an information security risk. But with increased awareness, staff are wary, skeptical and prepared for a targeted attack on company information assets.<\/p>\n<\/div><\/div><\/div><\/div><\/div><div class=\"fusion-fullwidth fullwidth-box fusion-builder-row-3 fusion-flex-container nonhundred-percent-fullwidth non-hundred-percent-height-scrolling\" style=\"--awb-border-radius-top-left:0px;--awb-border-radius-top-right:0px;--awb-border-radius-bottom-right:0px;--awb-border-radius-bottom-left:0px;--awb-margin-top:30px;--awb-margin-bottom:30px;--awb-flex-wrap:wrap;\" ><div class=\"fusion-builder-row fusion-row fusion-flex-align-items-center fusion-flex-content-wrap\" style=\"max-width:1248px;margin-left: calc(-4% \/ 2 );margin-right: calc(-4% \/ 2 );\"><div class=\"fusion-layout-column fusion_builder_column fusion-builder-column-2 fusion_builder_column_1_1 1_1 fusion-flex-column fusion-column-no-min-height\" style=\"--awb-bg-size:cover;--awb-width-large:100%;--awb-margin-top-large:0px;--awb-spacing-right-large:1.92%;--awb-margin-bottom-large:20px;--awb-spacing-left-large:1.92%;--awb-width-medium:100%;--awb-order-medium:0;--awb-spacing-right-medium:1.92%;--awb-spacing-left-medium:1.92%;--awb-width-small:100%;--awb-order-small:0;--awb-spacing-right-small:1.92%;--awb-spacing-left-small:1.92%;\"><div class=\"fusion-column-wrapper fusion-column-has-shadow fusion-flex-justify-content-flex-start fusion-content-layout-column\"><div class=\"fusion-image-element \" style=\"--awb-caption-title-font-family:var(--h2_typography-font-family);--awb-caption-title-font-weight:var(--h2_typography-font-weight);--awb-caption-title-font-style:var(--h2_typography-font-style);--awb-caption-title-size:var(--h2_typography-font-size);--awb-caption-title-transform:var(--h2_typography-text-transform);--awb-caption-title-line-height:var(--h2_typography-line-height);--awb-caption-title-letter-spacing:var(--h2_typography-letter-spacing);\"><span class=\" fusion-imageframe imageframe-none imageframe-1 hover-type-none\"><img width=\"1920\" height=\"1021\" alt=\"IT and information security training courses\" title=\"secify_komplementbild_kaffekopp\" src=\"https:\/\/www.secify.com\/wp-content\/uploads\/2023\/10\/secify_komplementbild_kaffekopp.jpg\" class=\"img-responsive wp-image-17397\" srcset=\"https:\/\/cranky-liskov-4cf418.wp.onstaatic.com\/wp-content\/uploads\/2023\/10\/secify_komplementbild_kaffekopp-200x106.jpg 200w, https:\/\/cranky-liskov-4cf418.wp.onstaatic.com\/wp-content\/uploads\/2023\/10\/secify_komplementbild_kaffekopp-400x213.jpg 400w, https:\/\/cranky-liskov-4cf418.wp.onstaatic.com\/wp-content\/uploads\/2023\/10\/secify_komplementbild_kaffekopp-600x319.jpg 600w, https:\/\/cranky-liskov-4cf418.wp.onstaatic.com\/wp-content\/uploads\/2023\/10\/secify_komplementbild_kaffekopp-800x425.jpg 800w, https:\/\/cranky-liskov-4cf418.wp.onstaatic.com\/wp-content\/uploads\/2023\/10\/secify_komplementbild_kaffekopp-1200x638.jpg 1200w, https:\/\/cranky-liskov-4cf418.wp.onstaatic.com\/wp-content\/uploads\/2023\/10\/secify_komplementbild_kaffekopp.jpg 1920w\" sizes=\"(max-width: 640px) 100vw, 1200px\" \/><\/span><\/div><div class=\"fusion-separator fusion-full-width-sep\" style=\"align-self: center;margin-left: auto;margin-right: auto;margin-top:30px;width:100%;\"><\/div><\/div><\/div><div class=\"fusion-layout-column fusion_builder_column fusion-builder-column-3 fusion_builder_column_2_3 2_3 fusion-flex-column\" style=\"--awb-bg-size:cover;--awb-width-large:66.666666666667%;--awb-margin-top-large:0px;--awb-spacing-right-large:2.88%;--awb-margin-bottom-large:20px;--awb-spacing-left-large:2.88%;--awb-width-medium:66.666666666667%;--awb-order-medium:0;--awb-spacing-right-medium:2.88%;--awb-spacing-left-medium:2.88%;--awb-width-small:100%;--awb-order-small:0;--awb-spacing-right-small:1.92%;--awb-spacing-left-small:1.92%;\"><div class=\"fusion-column-wrapper fusion-column-has-shadow fusion-flex-justify-content-flex-start fusion-content-layout-column\"><div class=\"fusion-text fusion-text-4\"><h2>A safe choice to put your security in our hands<\/h2>\n<\/div><div class=\"fusion-text fusion-text-5\" style=\"--awb-text-transform:none;\"><p>Our trainers work on a daily basis with IT and information security, or IT law in various IT security-related projects. You can therefore be sure that our training courses are up-to-date and relevant. Are you looking for a specific training? Get in touch and we will get back to you.<\/p>\n<\/div><div class=\"fusion-text fusion-text-6\"><h2>Our training courses<\/h2>\n<\/div><\/div><\/div><\/div><\/div><div class=\"fusion-fullwidth fullwidth-box fusion-builder-row-4 fusion-flex-container nonhundred-percent-fullwidth non-hundred-percent-height-scrolling\" style=\"--awb-border-radius-top-left:0px;--awb-border-radius-top-right:0px;--awb-border-radius-bottom-right:0px;--awb-border-radius-bottom-left:0px;--awb-padding-top:60px;--awb-padding-bottom:60px;--awb-margin-top:30px;--awb-margin-bottom:30px;--awb-background-color:#f6f6f6;--awb-flex-wrap:wrap;\" ><div class=\"fusion-builder-row fusion-row fusion-flex-align-items-center fusion-flex-justify-content-center fusion-flex-content-wrap\" style=\"max-width:1248px;margin-left: calc(-4% \/ 2 );margin-right: calc(-4% \/ 2 );\"><div class=\"fusion-layout-column fusion_builder_column fusion-builder-column-4 fusion_builder_column_1_1 1_1 fusion-flex-column\" style=\"--awb-bg-size:cover;--awb-width-large:100%;--awb-margin-top-large:0px;--awb-spacing-right-large:1.92%;--awb-margin-bottom-large:20px;--awb-spacing-left-large:1.92%;--awb-width-medium:100%;--awb-order-medium:0;--awb-spacing-right-medium:1.92%;--awb-spacing-left-medium:1.92%;--awb-width-small:100%;--awb-order-small:0;--awb-spacing-right-small:1.92%;--awb-spacing-left-small:1.92%;\"><div class=\"fusion-column-wrapper fusion-column-has-shadow fusion-flex-justify-content-flex-start fusion-content-layout-column\"><div class=\"fusion-text fusion-text-7\"><h2>What our customers say<\/h2>\n<\/div><\/div><\/div><div class=\"fusion-layout-column fusion_builder_column fusion-builder-column-5 fusion_builder_column_1_3 1_3 fusion-flex-column\" style=\"--awb-bg-size:cover;--awb-width-large:33.333333333333%;--awb-margin-top-large:0px;--awb-spacing-right-large:5.76%;--awb-margin-bottom-large:20px;--awb-spacing-left-large:5.76%;--awb-width-medium:33.333333333333%;--awb-order-medium:0;--awb-spacing-right-medium:5.76%;--awb-spacing-left-medium:5.76%;--awb-width-small:100%;--awb-order-small:0;--awb-spacing-right-small:1.92%;--awb-spacing-left-small:1.92%;\"><div class=\"fusion-column-wrapper fusion-column-has-shadow fusion-flex-justify-content-flex-start fusion-content-layout-column\"><div class=\"fusion-image-element \" style=\"--awb-caption-title-font-family:var(--h2_typography-font-family);--awb-caption-title-font-weight:var(--h2_typography-font-weight);--awb-caption-title-font-style:var(--h2_typography-font-style);--awb-caption-title-size:var(--h2_typography-font-size);--awb-caption-title-transform:var(--h2_typography-text-transform);--awb-caption-title-line-height:var(--h2_typography-line-height);--awb-caption-title-letter-spacing:var(--h2_typography-letter-spacing);\"><span class=\" fusion-imageframe imageframe-none imageframe-2 hover-type-none\"><img width=\"300\" height=\"59\" alt=\"Dustin samarbetar med Secify\" title=\"dustin-logo\" src=\"https:\/\/www.secify.com\/wp-content\/uploads\/2022\/02\/dustin-logo-300x59.png\" class=\"img-responsive wp-image-11268\" srcset=\"https:\/\/cranky-liskov-4cf418.wp.onstaatic.com\/wp-content\/uploads\/2022\/02\/dustin-logo-200x39.png 200w, https:\/\/cranky-liskov-4cf418.wp.onstaatic.com\/wp-content\/uploads\/2022\/02\/dustin-logo-400x79.png 400w, https:\/\/cranky-liskov-4cf418.wp.onstaatic.com\/wp-content\/uploads\/2022\/02\/dustin-logo-600x118.png 600w, https:\/\/cranky-liskov-4cf418.wp.onstaatic.com\/wp-content\/uploads\/2022\/02\/dustin-logo-800x158.png 800w, https:\/\/cranky-liskov-4cf418.wp.onstaatic.com\/wp-content\/uploads\/2022\/02\/dustin-logo-1200x236.png 1200w, https:\/\/cranky-liskov-4cf418.wp.onstaatic.com\/wp-content\/uploads\/2022\/02\/dustin-logo.png 4168w\" sizes=\"(max-width: 640px) 100vw, 400px\" \/><\/span><\/div><\/div><\/div><div class=\"fusion-layout-column fusion_builder_column fusion-builder-column-6 fusion_builder_column_1_2 1_2 fusion-flex-column\" style=\"--awb-bg-size:cover;--awb-width-large:50%;--awb-margin-top-large:0px;--awb-spacing-right-large:3.84%;--awb-margin-bottom-large:20px;--awb-spacing-left-large:3.84%;--awb-width-medium:50%;--awb-order-medium:0;--awb-spacing-right-medium:3.84%;--awb-spacing-left-medium:3.84%;--awb-width-small:100%;--awb-order-small:0;--awb-spacing-right-small:1.92%;--awb-spacing-left-small:1.92%;\"><div class=\"fusion-column-wrapper fusion-column-has-shadow fusion-flex-justify-content-flex-start fusion-content-layout-column\"><div class=\"fusion-text fusion-text-8\"><blockquote>\n<p>Secify supports us in data protection issues and in our work with Data Privacy. Secify has contributed to our delivery in a trusting manner and with broad expertise.<\/p>\n<\/blockquote>\n<p><strong>Robert Ekvall<\/strong>, IT Security &amp; Company Integration Lead<\/p>\n<\/div><\/div><\/div><\/div><\/div><div class=\"fusion-fullwidth fullwidth-box fusion-builder-row-5 fusion-flex-container has-pattern-background has-mask-background nonhundred-percent-fullwidth non-hundred-percent-height-scrolling\" style=\"--awb-border-radius-top-left:0px;--awb-border-radius-top-right:0px;--awb-border-radius-bottom-right:0px;--awb-border-radius-bottom-left:0px;--awb-margin-top-small:20px;--awb-flex-wrap:wrap;\" ><div class=\"fusion-builder-row fusion-row fusion-flex-align-items-flex-start fusion-flex-content-wrap\" style=\"max-width:1248px;margin-left: calc(-4% \/ 2 );margin-right: calc(-4% \/ 2 );\"><div class=\"fusion-layout-column fusion_builder_column fusion-builder-column-7 fusion_builder_column_1_1 1_1 fusion-flex-column fusion-flex-align-self-flex-start fusion-column-no-min-height\" style=\"--awb-padding-top:30px;--awb-padding-bottom:30px;--awb-bg-size:cover;--awb-width-large:100%;--awb-margin-top-large:0px;--awb-spacing-right-large:1.92%;--awb-margin-bottom-large:20px;--awb-spacing-left-large:1.92%;--awb-width-medium:100%;--awb-order-medium:0;--awb-spacing-right-medium:1.92%;--awb-spacing-left-medium:1.92%;--awb-width-small:100%;--awb-order-small:0;--awb-spacing-right-small:1.92%;--awb-spacing-left-small:1.92%;\" data-scroll-devices=\"small-visibility,medium-visibility,large-visibility\"><div class=\"fusion-column-wrapper fusion-column-has-shadow fusion-flex-justify-content-flex-start fusion-content-layout-column\"><div class=\"LogoMarquee\">\n  <div class=\"LogoTrack\">\n    <div class=\"LogoBox\"><img class=\"LogoResp LogoDesk\" src=\"\/wp-content\/uploads\/2026\/03\/svenska-ingenjorer-logo.png\" alt=\"Sveriges Ingenj\u00f6rer\"><\/div>\n    <div class=\"LogoBox\"><img class=\"LogoResp LogoDesk\" src=\"\/wp-content\/uploads\/2022\/04\/svedbergs_logo.png\" alt=\"Svedbergs\"><\/div>\n    <div class=\"LogoBox\"><img class=\"LogoResp LogoDesk\" src=\"\/wp-content\/uploads\/2023\/05\/lansforsakringar_jonkoping_logotyp-2.png\" alt=\"L\u00e4nsf\u00f6rs\u00e4kringar J\u00f6nk\u00f6ping\"><\/div>\n    <div class=\"LogoBox\"><img class=\"LogoResp LogoDesk\" src=\"\/wp-content\/uploads\/2023\/05\/if.png\" alt=\"If\"><\/div>\n    <div class=\"LogoBox\"><img class=\"LogoResp LogoDesk\" src=\"\/wp-content\/uploads\/2022\/11\/coop-medmera.png\" alt=\"Coop MedMera\"><\/div>\n    <div class=\"LogoBox\"><img class=\"LogoResp LogoDesk\" src=\"\/wp-content\/uploads\/2023\/10\/infare.png\" alt=\"Infare\"><\/div>\n    <div class=\"LogoBox\"><img class=\"LogoResp LogoDesk\" src=\"\/wp-content\/uploads\/2023\/10\/tidsam.png\" alt=\"Tidsam\"><\/div>\n    <div class=\"LogoBox\"><img class=\"LogoResp LogoDesk\" src=\"\/wp-content\/uploads\/2019\/12\/aleris-logo.png\" alt=\"Aleris\"><\/div>\n  <\/div>\n<\/div>\n\n<script>\ndocument.addEventListener(\"DOMContentLoaded\", function () {\n  document.querySelectorAll(\".LogoTrack\").forEach(function(track) {\n    if (!track.dataset.duplicated) {\n      track.innerHTML += track.innerHTML;\n      track.dataset.duplicated = \"true\";\n    }\n  });\n});\n<\/script><\/div><\/div><\/div><\/div>\n<div class=\"fusion-fullwidth fullwidth-box fusion-builder-row-6 fusion-flex-container nonhundred-percent-fullwidth non-hundred-percent-height-scrolling\" style=\"--awb-border-radius-top-left:0px;--awb-border-radius-top-right:0px;--awb-border-radius-bottom-right:0px;--awb-border-radius-bottom-left:0px;--awb-flex-wrap:wrap;\" ><div class=\"fusion-builder-row fusion-row fusion-flex-align-items-flex-start fusion-flex-content-wrap\" style=\"max-width:1248px;margin-left: calc(-4% \/ 2 );margin-right: calc(-4% \/ 2 );\"><div class=\"fusion-layout-column fusion_builder_column fusion-builder-column-8 fusion_builder_column_1_2 1_2 fusion-flex-column\" style=\"--awb-bg-size:cover;--awb-width-large:50%;--awb-margin-top-large:0px;--awb-spacing-right-large:3.84%;--awb-margin-bottom-large:20px;--awb-spacing-left-large:3.84%;--awb-width-medium:50%;--awb-spacing-right-medium:3.84%;--awb-spacing-left-medium:3.84%;--awb-width-small:100%;--awb-spacing-right-small:1.92%;--awb-spacing-left-small:1.92%;\"><div class=\"fusion-column-wrapper fusion-flex-justify-content-flex-start fusion-content-layout-column\"><div class=\"fusion-separator fusion-full-width-sep\" style=\"align-self: center;margin-left: auto;margin-right: auto;margin-top:20px;margin-bottom:20px;width:100%;\"><\/div><div class=\"fusion-text fusion-text-9\"><p><a name=\"kontakt\"><\/a>Get in touch!<\/p>\n<\/div><div class=\"fusion-text fusion-text-10\"><p>If this sounds interesting for your company, you can either send a message using the contact function, or simply pick up the phone and call.<\/p>\n<p>Tel: 020 &#8211; 66 99 00<br \/>\nVisiting address: \u00d6stra Storgatan 67, J\u00f6nk\u00f6ping<\/p>\n<\/div><\/div><\/div><div class=\"fusion-layout-column fusion_builder_column fusion-builder-column-9 fusion_builder_column_1_1 1_1 fusion-flex-column\" style=\"--awb-bg-size:cover;--awb-width-large:100%;--awb-margin-top-large:0px;--awb-spacing-right-large:1.92%;--awb-margin-bottom-large:20px;--awb-spacing-left-large:1.92%;--awb-width-medium:100%;--awb-spacing-right-medium:1.92%;--awb-spacing-left-medium:1.92%;--awb-width-small:100%;--awb-spacing-right-small:1.92%;--awb-spacing-left-small:1.92%;\"><div class=\"fusion-column-wrapper fusion-flex-justify-content-flex-start fusion-content-layout-column\"><div class=\"fusion-separator fusion-full-width-sep\" style=\"align-self: center;margin-left: auto;margin-right: auto;margin-top:20px;width:100%;\"><\/div><div id=\"zf_div_woqXIQcej-V8LKDjG9iiaj3RfFMhtgJvt_021J_2CHM\"><\/div><script type=\"text\/javascript\">(function() {\ntry{\nvar f = document.createElement(\"iframe\");\nf.src = 'https:\/\/forms.secify.com\/secify\/form\/KontaktformulrUtbildningar\/formperma\/woqXIQcej-V8LKDjG9iiaj3RfFMhtgJvt_021J_2CHM?zf_rszfm=1';\nf.style.border=\"none\";\nf.style.height=\"836px\";\nf.style.width=\"90%\";\nf.style.transition=\"all 0.5s ease\";\nvar d = document.getElementById(\"zf_div_woqXIQcej-V8LKDjG9iiaj3RfFMhtgJvt_021J_2CHM\");\nd.appendChild(f);\nwindow.addEventListener('message', function (){\nvar evntData = event.data;\nif( evntData && evntData.constructor == String ){\nvar zf_ifrm_data = evntData.split(\"|\");\nif ( zf_ifrm_data.length == 2 ) {\nvar zf_perma = zf_ifrm_data[0];\nvar zf_ifrm_ht_nw = ( parseInt(zf_ifrm_data[1], 10) + 15 ) + \"px\";\nvar iframe = document.getElementById(\"zf_div_woqXIQcej-V8LKDjG9iiaj3RfFMhtgJvt_021J_2CHM\").getElementsByTagName(\"iframe\")[0];\nif ( (iframe.src).indexOf('formperma') > 0 && (iframe.src).indexOf(zf_perma) > 0 ) {\nvar prevIframeHeight = iframe.style.height;\nif ( prevIframeHeight != zf_ifrm_ht_nw ) {\niframe.style.height = zf_ifrm_ht_nw;\n}\n}\n}\n}\n}, false);\n}catch(e){}\n})();<\/script><\/div><\/div><\/div><\/div>\n","protected":false},"excerpt":{"rendered":"","protected":false},"author":9,"featured_media":0,"parent":19446,"menu_order":0,"comment_status":"closed","ping_status":"closed","template":"100-width.php","meta":{"staatic_meta_publish":"","footnotes":""},"class_list":["post-19385","page","type-page","status-publish","hentry"],"_links":{"self":[{"href":"https:\/\/cranky-liskov-4cf418.wp.onstaatic.com\/en\/wp-json\/wp\/v2\/pages\/19385","targetHints":{"allow":["GET"]}}],"collection":[{"href":"https:\/\/cranky-liskov-4cf418.wp.onstaatic.com\/en\/wp-json\/wp\/v2\/pages"}],"about":[{"href":"https:\/\/cranky-liskov-4cf418.wp.onstaatic.com\/en\/wp-json\/wp\/v2\/types\/page"}],"author":[{"embeddable":true,"href":"https:\/\/cranky-liskov-4cf418.wp.onstaatic.com\/en\/wp-json\/wp\/v2\/users\/9"}],"replies":[{"embeddable":true,"href":"https:\/\/cranky-liskov-4cf418.wp.onstaatic.com\/en\/wp-json\/wp\/v2\/comments?post=19385"}],"version-history":[{"count":0,"href":"https:\/\/cranky-liskov-4cf418.wp.onstaatic.com\/en\/wp-json\/wp\/v2\/pages\/19385\/revisions"}],"up":[{"embeddable":true,"href":"https:\/\/cranky-liskov-4cf418.wp.onstaatic.com\/en\/wp-json\/wp\/v2\/pages\/19446"}],"wp:attachment":[{"href":"https:\/\/cranky-liskov-4cf418.wp.onstaatic.com\/en\/wp-json\/wp\/v2\/media?parent=19385"}],"curies":[{"name":"wp","href":"https:\/\/api.w.org\/{rel}","templated":true}]}}