{"id":19416,"date":"2024-06-12T14:11:26","date_gmt":"2024-06-12T12:11:26","guid":{"rendered":"https:\/\/cranky-liskov-4cf418.wp.onstaatic.com\/gdpr-audit\/"},"modified":"2024-06-12T14:11:31","modified_gmt":"2024-06-12T12:11:31","slug":"gdpr-audit","status":"publish","type":"page","link":"https:\/\/cranky-liskov-4cf418.wp.onstaatic.com\/en\/gdpr-audit\/","title":{"rendered":"GDPR audit"},"content":{"rendered":"<div class=\"fusion-fullwidth fullwidth-box fusion-builder-row-1 fusion-flex-container has-pattern-background has-mask-background fusion-parallax-none hundred-percent-fullwidth non-hundred-percent-height-scrolling Hero\" style=\"--awb-border-radius-top-left:0px;--awb-border-radius-top-right:0px;--awb-border-radius-bottom-right:0px;--awb-border-radius-bottom-left:0px;--awb-background-image:url(&quot;https:\/\/www.secify.com\/wp-content\/uploads\/2023\/11\/privacy-avtryck.webp&quot;);--awb-background-size:cover;--awb-flex-wrap:wrap;\" ><div class=\"fusion-builder-row fusion-row fusion-flex-align-items-flex-start fusion-flex-content-wrap\" style=\"width:104% !important;max-width:104% !important;margin-left: calc(-4% \/ 2 );margin-right: calc(-4% \/ 2 );\"><div class=\"fusion-layout-column fusion_builder_column fusion-builder-column-0 fusion_builder_column_1_1 1_1 fusion-flex-column bgh1\" style=\"--awb-padding-top:250px;--awb-padding-bottom:150px;--awb-bg-size:cover;--awb-width-large:100%;--awb-margin-top-large:0px;--awb-spacing-right-large:1.92%;--awb-margin-bottom-large:20px;--awb-spacing-left-large:1.92%;--awb-width-medium:100%;--awb-order-medium:0;--awb-spacing-right-medium:1.92%;--awb-spacing-left-medium:1.92%;--awb-width-small:100%;--awb-order-small:0;--awb-spacing-right-small:1.92%;--awb-spacing-left-small:1.92%;\"><div class=\"fusion-column-wrapper fusion-column-has-shadow fusion-flex-justify-content-flex-start fusion-content-layout-column\"><div class=\"fusion-text fusion-text-1\"><h1 style=\"text-align: center;\"><span style=\"color: #ffffff;\">GDPR Gap Analysis<\/span><\/h1>\n<\/div><\/div><\/div><\/div><\/div><div class=\"fusion-fullwidth fullwidth-box fusion-builder-row-2 fusion-flex-container has-pattern-background has-mask-background nonhundred-percent-fullwidth non-hundred-percent-height-scrolling\" style=\"--awb-border-radius-top-left:0px;--awb-border-radius-top-right:0px;--awb-border-radius-bottom-right:0px;--awb-border-radius-bottom-left:0px;--awb-padding-bottom:60px;--awb-margin-top:120px;--awb-flex-wrap:wrap;\" ><div class=\"fusion-builder-row fusion-row fusion-flex-align-items-flex-start fusion-flex-content-wrap\" style=\"max-width:1248px;margin-left: calc(-4% \/ 2 );margin-right: calc(-4% \/ 2 );\"><div class=\"fusion-layout-column fusion_builder_column fusion-builder-column-1 fusion_builder_column_1_2 1_2 fusion-flex-column\" style=\"--awb-bg-size:cover;--awb-width-large:50%;--awb-margin-top-large:0px;--awb-spacing-right-large:3.84%;--awb-margin-bottom-large:20px;--awb-spacing-left-large:3.84%;--awb-width-medium:50%;--awb-order-medium:0;--awb-spacing-right-medium:3.84%;--awb-spacing-left-medium:3.84%;--awb-width-small:100%;--awb-order-small:0;--awb-spacing-right-small:1.92%;--awb-spacing-left-small:1.92%;\"><div class=\"fusion-column-wrapper fusion-column-has-shadow fusion-flex-justify-content-flex-start fusion-content-layout-column\"><div class=\"fusion-text fusion-text-2 EyeBrow\" style=\"--awb-text-transform:none;\"><p>Introduktion<\/p>\n<\/div>\n<div class=\"fusion-text fusion-text-3\"><h2>How GDPR compliant is your business?<\/h2>\n<\/div><\/div><\/div><div class=\"fusion-layout-column fusion_builder_column fusion-builder-column-2 fusion_builder_column_1_2 1_2 fusion-flex-column\" style=\"--awb-bg-size:cover;--awb-width-large:50%;--awb-margin-top-large:0px;--awb-spacing-right-large:3.84%;--awb-margin-bottom-large:20px;--awb-spacing-left-large:3.84%;--awb-width-medium:50%;--awb-order-medium:0;--awb-spacing-right-medium:3.84%;--awb-spacing-left-medium:3.84%;--awb-width-small:100%;--awb-order-small:0;--awb-spacing-right-small:1.92%;--awb-spacing-left-small:1.92%;\"><div class=\"fusion-column-wrapper fusion-column-has-shadow fusion-flex-justify-content-flex-start fusion-content-layout-column\"><div class=\"fusion-text fusion-text-4\" style=\"--awb-text-transform:none;\"><p>It&#8217;s been five years since the GDPR came into force. Many worked diligently and made major investments before or immediately after joining. Then it was done. What many organizations didn&#8217;t realize at the time was that compliance is not a one-off effort with a fixed beginning and end.<\/p>\n<\/div><\/div><\/div><div class=\"fusion-layout-column fusion_builder_column fusion-builder-column-3 fusion_builder_column_1_1 1_1 fusion-flex-column\" style=\"--awb-bg-size:cover;--awb-width-large:100%;--awb-margin-top-large:60px;--awb-spacing-right-large:1.92%;--awb-margin-bottom-large:20px;--awb-spacing-left-large:1.92%;--awb-width-medium:100%;--awb-order-medium:0;--awb-spacing-right-medium:1.92%;--awb-spacing-left-medium:1.92%;--awb-width-small:100%;--awb-order-small:0;--awb-spacing-right-small:1.92%;--awb-spacing-left-small:1.92%;\" data-scroll-devices=\"small-visibility,medium-visibility,large-visibility\"><div class=\"fusion-column-wrapper fusion-column-has-shadow fusion-flex-justify-content-flex-start fusion-content-layout-column\"><div class=\"fusion-text fusion-text-5 AvsnittsRubrik\" style=\"--awb-text-transform:none;\"><h2>A clear answer to the question<\/h2>\n<\/div><div class=\"fusion-text fusion-text-6\" style=\"--awb-text-transform:none;\"><p>When our advisors conduct a gap analysis, you get a picture of how well your business currently complies with the requirements of the GDPR and other data protection legislation. You will also receive recommendations on how your business can increase its compliance rate. The recommended actions are based on the risks faced by the business (e.g. enforcement, penalties, reputational damage).<\/p>\n<\/div><\/div><\/div><\/div><\/div><div class=\"fusion-fullwidth fullwidth-box fusion-builder-row-3 fusion-flex-container has-pattern-background has-mask-background nonhundred-percent-fullwidth non-hundred-percent-height-scrolling\" style=\"--awb-border-radius-top-left:0px;--awb-border-radius-top-right:0px;--awb-border-radius-bottom-right:0px;--awb-border-radius-bottom-left:0px;--awb-margin-top:120px;--awb-flex-wrap:wrap;\" ><div class=\"fusion-builder-row fusion-row fusion-flex-align-items-flex-start fusion-flex-content-wrap\" style=\"max-width:1248px;margin-left: calc(-4% \/ 2 );margin-right: calc(-4% \/ 2 );\"><div class=\"fusion-layout-column fusion_builder_column fusion-builder-column-4 fusion_builder_column_1_1 1_1 fusion-flex-column\" style=\"--awb-overflow:hidden;--awb-bg-image:linear-gradient(180deg, #fcae8e 0%,#f2e3d2 100%);--awb-bg-size:cover;--awb-border-radius:30px 0px 30px 0px;--awb-width-large:100%;--awb-margin-top-large:0px;--awb-spacing-right-large:1.92%;--awb-margin-bottom-large:20px;--awb-spacing-left-large:1.92%;--awb-width-medium:100%;--awb-order-medium:0;--awb-spacing-right-medium:1.92%;--awb-spacing-left-medium:1.92%;--awb-width-small:100%;--awb-order-small:0;--awb-spacing-right-small:1.92%;--awb-spacing-left-small:1.92%;\" data-scroll-devices=\"small-visibility,medium-visibility,large-visibility\"><div class=\"fusion-column-wrapper fusion-column-has-shadow fusion-flex-justify-content-flex-start fusion-content-layout-column\"><div class=\"fusion-builder-row fusion-builder-row-inner fusion-row fusion-flex-align-items-flex-start fusion-flex-content-wrap\" style=\"width:104% !important;max-width:104% !important;margin-left: calc(-4% \/ 2 );margin-right: calc(-4% \/ 2 );\"><div class=\"fusion-layout-column fusion_builder_column_inner fusion-builder-nested-column-0 fusion_builder_column_inner_1_2 1_2 fusion-flex-column\" style=\"--awb-overflow:hidden;--awb-bg-image:url(&#039;https:\/\/www.secify.com\/wp-content\/uploads\/2023\/06\/Aida-Rokni-dpo-935x1044.jpg&#039;);--awb-bg-size:cover;--awb-border-radius:30px 0px 30px 0px;--awb-width-large:50%;--awb-margin-top-large:0px;--awb-spacing-right-large:3.84%;--awb-margin-bottom-large:0px;--awb-spacing-left-large:3.84%;--awb-width-medium:50%;--awb-order-medium:0;--awb-spacing-right-medium:3.84%;--awb-spacing-left-medium:3.84%;--awb-width-small:100%;--awb-order-small:0;--awb-spacing-right-small:1.92%;--awb-spacing-left-small:1.92%;\" data-scroll-devices=\"small-visibility,medium-visibility,large-visibility\"><div class=\"fusion-column-wrapper fusion-column-has-shadow fusion-flex-justify-content-flex-start fusion-content-layout-column fusion-empty-column-bg-image fusion-column-has-bg-image\" data-bg-url=\"https:\/\/www.secify.com\/wp-content\/uploads\/2023\/06\/Aida-Rokni-dpo-935x1044.jpg\"><img class=\"fusion-empty-dims-img-placeholder fusion-no-large-visibility\" src=\"data:image\/gif;base64,R0lGODlhAQABAAAAACH5BAEKAAEALAAAAAABAAEAAAICTAEAOw==\"><\/div><\/div><div class=\"fusion-layout-column fusion_builder_column_inner fusion-builder-nested-column-1 fusion_builder_column_inner_1_2 1_2 fusion-flex-column\" style=\"--awb-bg-size:cover;--awb-width-large:50%;--awb-margin-top-large:0px;--awb-spacing-right-large:3.84%;--awb-margin-bottom-large:0px;--awb-spacing-left-large:3.84%;--awb-width-medium:50%;--awb-order-medium:0;--awb-spacing-right-medium:3.84%;--awb-spacing-left-medium:3.84%;--awb-width-small:100%;--awb-order-small:0;--awb-spacing-right-small:1.92%;--awb-spacing-left-small:1.92%;\" data-scroll-devices=\"small-visibility,medium-visibility,large-visibility\"><div class=\"fusion-column-wrapper fusion-column-has-shadow fusion-flex-justify-content-space-between fusion-content-layout-column\"><div class=\"fusion-separator fusion-full-width-sep\" style=\"align-self: center;margin-left: auto;margin-right: auto;margin-top:30px;width:100%;\"><\/div><div class=\"fusion-text fusion-text-7 EyeBrow DarkBlue\"><p>Contact Us<\/p>\n<\/div><div class=\"fusion-separator fusion-full-width-sep\" style=\"align-self: center;margin-left: auto;margin-right: auto;margin-top:120px;width:100%;\"><\/div><div class=\"fusion-text fusion-text-8 BoxText\"><p>Do you want to know more about our service and solutions? Contact us and we will assist you.<\/p>\n<\/div><div class=\"fusion-separator fusion-full-width-sep\" style=\"align-self: center;margin-left: auto;margin-right: auto;margin-top:30px;width:100%;\"><\/div><div ><a class=\"fusion-button button-flat fusion-button-default-size button-custom fusion-button-default button-1 fusion-button-default-span fusion-button-default-type\" style=\"--button_accent_color:#ffffff;--button_accent_hover_color:#4200ff;--button_border_hover_color:var(--awb-color1);--button-border-radius-top-left:30px;--button-border-radius-top-right:30px;--button-border-radius-bottom-right:30px;--button-border-radius-bottom-left:30px;--button_gradient_top_color:#4200ff;--button_gradient_bottom_color:#4200ff;--button_gradient_top_color_hover:#e9e2ff;--button_gradient_bottom_color_hover:#e9e2ff;--button_font_size:1em;--button_padding-top:20px;--button_padding-bottom:20px;--button_typography-font-family:&quot;Inter&quot;;--button_typography-font-style:normal;--button_typography-font-weight:400;\" target=\"_self\" href=\"#Contact\"><span class=\"fusion-button-text awb-button__text awb-button__text--default\">Contact Us<\/span><\/a><\/div><div class=\"fusion-separator fusion-full-width-sep\" style=\"align-self: center;margin-left: auto;margin-right: auto;margin-top:30px;width:100%;\"><\/div><\/div><\/div><\/div><\/div><\/div><\/div><\/div>\n<div class=\"fusion-fullwidth fullwidth-box fusion-builder-row-4 fusion-flex-container has-pattern-background has-mask-background nonhundred-percent-fullwidth non-hundred-percent-height-scrolling\" style=\"--awb-border-radius-top-left:0px;--awb-border-radius-top-right:0px;--awb-border-radius-bottom-right:0px;--awb-border-radius-bottom-left:0px;--awb-margin-top:120px;--awb-flex-wrap:wrap;\" ><div class=\"fusion-builder-row fusion-row fusion-flex-align-items-flex-start fusion-flex-content-wrap\" style=\"max-width:1248px;margin-left: calc(-4% \/ 2 );margin-right: calc(-4% \/ 2 );\"><div class=\"fusion-layout-column fusion_builder_column fusion-builder-column-5 fusion_builder_column_1_1 1_1 fusion-flex-column\" style=\"--awb-bg-size:cover;--awb-width-large:100%;--awb-margin-top-large:0px;--awb-spacing-right-large:1.92%;--awb-margin-bottom-large:20px;--awb-spacing-left-large:1.92%;--awb-width-medium:100%;--awb-order-medium:0;--awb-spacing-right-medium:1.92%;--awb-spacing-left-medium:1.92%;--awb-width-small:100%;--awb-order-small:0;--awb-spacing-right-small:1.92%;--awb-spacing-left-small:1.92%;\" data-scroll-devices=\"small-visibility,medium-visibility,large-visibility\"><div class=\"fusion-column-wrapper fusion-column-has-shadow fusion-flex-justify-content-flex-start fusion-content-layout-column\"><div class=\"fusion-text fusion-text-9 EyeBrow\" style=\"--awb-text-transform:none;\"><p>Our service<\/p>\n<\/div><div class=\"fusion-text fusion-text-10 AvsnittsRubrik\" style=\"--awb-text-transform:none;\"><h2>Tailored to suit their business<\/h2>\n<\/div><div class=\"fusion-text fusion-text-11\" style=\"--awb-text-transform:none;\"><p>We always adapt the gap analysis to the needs of your business.<\/p>\n<ul>\n<li>If you just want a quick overview of how well your business complies with the most basic requirements of the GDPR with elements such as Camera Surveillance Act and Electronic Communications Act? No problem!<\/li>\n<li>Would you like a detailed gap analysis where we link the GDPR articles to the requirements of ISO 27701 in relevant parts? We&#8217;ll take care of it!<\/li>\n<li>Are your activities covered by special legislation (for example, that you are a healthcare provider and thus affected by the Patient Data Act and HSLF-FS 2016:40)? Of course we take it into account!<\/li>\n<\/ul>\n<\/div><\/div><\/div><\/div><\/div><div class=\"fusion-fullwidth fullwidth-box fusion-builder-row-5 fusion-flex-container has-pattern-background has-mask-background nonhundred-percent-fullwidth non-hundred-percent-height-scrolling\" style=\"--awb-border-radius-top-left:0px;--awb-border-radius-top-right:0px;--awb-border-radius-bottom-right:0px;--awb-border-radius-bottom-left:0px;--awb-margin-top:30px;--awb-flex-wrap:wrap;\" ><div class=\"fusion-builder-row fusion-row fusion-flex-align-items-flex-start fusion-flex-content-wrap\" style=\"max-width:1248px;margin-left: calc(-4% \/ 2 );margin-right: calc(-4% \/ 2 );\"><div class=\"fusion-layout-column fusion_builder_column fusion-builder-column-6 fusion_builder_column_1_1 1_1 fusion-flex-column fusion-flex-align-self-flex-start fusion-column-no-min-height\" style=\"--awb-padding-top:30px;--awb-padding-bottom:30px;--awb-bg-size:cover;--awb-width-large:100%;--awb-margin-top-large:0px;--awb-spacing-right-large:0px;--awb-margin-bottom-large:20px;--awb-spacing-left-large:0px;--awb-width-medium:100%;--awb-order-medium:0;--awb-spacing-right-medium:0px;--awb-spacing-left-medium:0px;--awb-width-small:100%;--awb-order-small:0;--awb-spacing-right-small:1.92%;--awb-spacing-left-small:1.92%;\" data-scroll-devices=\"small-visibility,medium-visibility,large-visibility\"><div class=\"fusion-column-wrapper fusion-column-has-shadow fusion-flex-justify-content-flex-start fusion-content-layout-column\"><div class=\"fusion-text fusion-text-12 EyeBrow\"><p>N\u00e5gra av v\u00e5ra kunder<\/p>\n<\/div><div class=\"LogoMarquee\">\n  <div class=\"LogoTrack\">\n    <div class=\"LogoBox\"><img class=\"LogoResp LogoDesk\" src=\"\/wp-content\/uploads\/2026\/03\/svenska-ingenjorer-logo.png\" alt=\"Sveriges Ingenj\u00f6rer\"><\/div>\n    <div class=\"LogoBox\"><img class=\"LogoResp LogoDesk\" src=\"\/wp-content\/uploads\/2022\/04\/svedbergs_logo.png\" alt=\"Svedbergs\"><\/div>\n    <div class=\"LogoBox\"><img class=\"LogoResp LogoDesk\" src=\"\/wp-content\/uploads\/2023\/05\/lansforsakringar_jonkoping_logotyp-2.png\" alt=\"L\u00e4nsf\u00f6rs\u00e4kringar J\u00f6nk\u00f6ping\"><\/div>\n    <div class=\"LogoBox\"><img class=\"LogoResp LogoDesk\" src=\"\/wp-content\/uploads\/2023\/05\/if.png\" alt=\"If\"><\/div>\n    <div class=\"LogoBox\"><img class=\"LogoResp LogoDesk\" src=\"\/wp-content\/uploads\/2022\/11\/coop-medmera.png\" alt=\"Coop MedMera\"><\/div>\n    <div class=\"LogoBox\"><img class=\"LogoResp LogoDesk\" src=\"\/wp-content\/uploads\/2023\/10\/infare.png\" alt=\"Infare\"><\/div>\n    <div class=\"LogoBox\"><img class=\"LogoResp LogoDesk\" src=\"\/wp-content\/uploads\/2023\/10\/tidsam.png\" alt=\"Tidsam\"><\/div>\n    <div class=\"LogoBox\"><img class=\"LogoResp LogoDesk\" src=\"\/wp-content\/uploads\/2019\/12\/aleris-logo.png\" alt=\"Aleris\"><\/div>\n  <\/div>\n<\/div>\n\n<script>\ndocument.addEventListener(\"DOMContentLoaded\", function () {\n  document.querySelectorAll(\".LogoTrack\").forEach(function(track) {\n    if (!track.dataset.duplicated) {\n      track.innerHTML += track.innerHTML;\n      track.dataset.duplicated = \"true\";\n    }\n  });\n});\n<\/script><\/div><\/div><\/div><\/div>\n<div class=\"fusion-fullwidth fullwidth-box fusion-builder-row-6 fusion-flex-container has-pattern-background has-mask-background nonhundred-percent-fullwidth non-hundred-percent-height-scrolling\" style=\"--awb-border-radius-top-left:0px;--awb-border-radius-top-right:0px;--awb-border-radius-bottom-right:0px;--awb-border-radius-bottom-left:0px;--awb-margin-top:120px;--awb-flex-wrap:wrap;\" ><div class=\"fusion-builder-row fusion-row fusion-flex-align-items-flex-start fusion-flex-content-wrap\" style=\"max-width:1248px;margin-left: calc(-4% \/ 2 );margin-right: calc(-4% \/ 2 );\"><div class=\"fusion-layout-column fusion_builder_column fusion-builder-column-7 fusion_builder_column_1_1 1_1 fusion-flex-column\" style=\"--awb-bg-size:cover;--awb-width-large:100%;--awb-margin-top-large:0px;--awb-spacing-right-large:1.92%;--awb-margin-bottom-large:20px;--awb-spacing-left-large:1.92%;--awb-width-medium:100%;--awb-order-medium:0;--awb-spacing-right-medium:1.92%;--awb-spacing-left-medium:1.92%;--awb-width-small:100%;--awb-order-small:0;--awb-spacing-right-small:1.92%;--awb-spacing-left-small:1.92%;\"><div class=\"fusion-column-wrapper fusion-column-has-shadow fusion-flex-justify-content-flex-start fusion-content-layout-column\"><div class=\"fusion-image-element \" style=\"--awb-caption-title-font-family:var(--h2_typography-font-family);--awb-caption-title-font-weight:var(--h2_typography-font-weight);--awb-caption-title-font-style:var(--h2_typography-font-style);--awb-caption-title-size:var(--h2_typography-font-size);--awb-caption-title-transform:var(--h2_typography-text-transform);--awb-caption-title-line-height:var(--h2_typography-line-height);--awb-caption-title-letter-spacing:var(--h2_typography-letter-spacing);\"><span class=\" fusion-imageframe imageframe-none imageframe-1 hover-type-none\"><img width=\"1920\" height=\"1280\" alt=\"Tv\u00e5 personer sitter vid ett bord. En person bakom en dator samtalar med person framf\u00f6r datorn\" title=\"secify_komplementbild_martin-profilbild\" src=\"https:\/\/www.secify.com\/wp-content\/uploads\/2023\/10\/secify_komplementbild_martin-profilbild.jpg\" class=\"img-responsive wp-image-17436\" srcset=\"https:\/\/cranky-liskov-4cf418.wp.onstaatic.com\/wp-content\/uploads\/2023\/10\/secify_komplementbild_martin-profilbild-200x133.jpg 200w, https:\/\/cranky-liskov-4cf418.wp.onstaatic.com\/wp-content\/uploads\/2023\/10\/secify_komplementbild_martin-profilbild-400x267.jpg 400w, https:\/\/cranky-liskov-4cf418.wp.onstaatic.com\/wp-content\/uploads\/2023\/10\/secify_komplementbild_martin-profilbild-600x400.jpg 600w, https:\/\/cranky-liskov-4cf418.wp.onstaatic.com\/wp-content\/uploads\/2023\/10\/secify_komplementbild_martin-profilbild-800x533.jpg 800w, https:\/\/cranky-liskov-4cf418.wp.onstaatic.com\/wp-content\/uploads\/2023\/10\/secify_komplementbild_martin-profilbild-1200x800.jpg 1200w, https:\/\/cranky-liskov-4cf418.wp.onstaatic.com\/wp-content\/uploads\/2023\/10\/secify_komplementbild_martin-profilbild.jpg 1920w\" sizes=\"(max-width: 640px) 100vw, 1200px\" \/><\/span><\/div><\/div><\/div><\/div><\/div><div class=\"fusion-fullwidth fullwidth-box fusion-builder-row-7 fusion-flex-container has-pattern-background has-mask-background nonhundred-percent-fullwidth non-hundred-percent-height-scrolling\" style=\"--awb-border-radius-top-left:0px;--awb-border-radius-top-right:0px;--awb-border-radius-bottom-right:0px;--awb-border-radius-bottom-left:0px;--awb-margin-top:120px;--awb-flex-wrap:wrap;\" ><div class=\"fusion-builder-row fusion-row fusion-flex-align-items-flex-start fusion-flex-content-wrap\" style=\"max-width:1248px;margin-left: calc(-4% \/ 2 );margin-right: calc(-4% \/ 2 );\"><div class=\"fusion-layout-column fusion_builder_column fusion-builder-column-8 fusion_builder_column_1_1 1_1 fusion-flex-column\" style=\"--awb-bg-size:cover;--awb-width-large:100%;--awb-margin-top-large:0px;--awb-spacing-right-large:1.92%;--awb-margin-bottom-large:20px;--awb-spacing-left-large:1.92%;--awb-width-medium:100%;--awb-order-medium:0;--awb-spacing-right-medium:1.92%;--awb-spacing-left-medium:1.92%;--awb-width-small:100%;--awb-order-small:0;--awb-spacing-right-small:1.92%;--awb-spacing-left-small:1.92%;\" data-scroll-devices=\"small-visibility,medium-visibility,large-visibility\"><div class=\"fusion-column-wrapper fusion-column-has-shadow fusion-flex-justify-content-flex-start fusion-content-layout-column\"><div class=\"fusion-text fusion-text-13 EyeBrow\" style=\"--awb-text-transform:none;\"><p>The process<\/p>\n<\/div><div class=\"fusion-text fusion-text-14 AvsnittsRubrik\" style=\"--awb-text-transform:none;\"><h2>GDPR gap analysis &#8211; from start to finish<\/h2>\n<\/div><div class=\"fusion-text fusion-text-15\" style=\"--awb-text-transform:none;\"><ol>\n<li><strong>Identification of the current situation<\/strong>\n<ul>\n<li>Inventory of documentation<\/li>\n<li>Interviews with key stakeholders<\/li>\n<\/ul>\n<\/li>\n<li><strong>Comparison with the ideal situation<\/strong>\n<ul>\n<li>Requirements under GDPR and other data protection legislation<\/li>\n<\/ul>\n<\/li>\n<li><strong>Summary and recommendations going forward<\/strong>\n<ul>\n<li>The results are first presented orally and then (after any additions and adjustments) in a written report<\/li>\n<\/ul>\n<\/li>\n<\/ol>\n<\/div><\/div><\/div><\/div><\/div><div class=\"fusion-fullwidth fullwidth-box fusion-builder-row-8 fusion-flex-container has-pattern-background has-mask-background nonhundred-percent-fullwidth non-hundred-percent-height-scrolling\" style=\"--awb-border-radius-top-left:0px;--awb-border-radius-top-right:0px;--awb-border-radius-bottom-right:0px;--awb-border-radius-bottom-left:0px;--awb-margin-top:120px;--awb-flex-wrap:wrap;\" ><div class=\"fusion-builder-row fusion-row fusion-flex-align-items-flex-start fusion-flex-content-wrap\" style=\"max-width:1248px;margin-left: calc(-4% \/ 2 );margin-right: calc(-4% \/ 2 );\"><div class=\"fusion-layout-column fusion_builder_column fusion-builder-column-9 fusion_builder_column_1_1 1_1 fusion-flex-column\" style=\"--awb-overflow:hidden;--awb-bg-color:var(--awb-color2);--awb-bg-color-hover:var(--awb-color2);--awb-bg-size:cover;--awb-border-radius:0px 50px 0px 50px;--awb-width-large:100%;--awb-margin-top-large:0px;--awb-spacing-right-large:1.92%;--awb-margin-bottom-large:20px;--awb-spacing-left-large:1.92%;--awb-width-medium:100%;--awb-order-medium:0;--awb-spacing-right-medium:1.92%;--awb-spacing-left-medium:1.92%;--awb-width-small:100%;--awb-order-small:0;--awb-spacing-right-small:1.92%;--awb-spacing-left-small:1.92%;\" data-scroll-devices=\"small-visibility,medium-visibility,large-visibility\"><div class=\"fusion-column-wrapper fusion-column-has-shadow fusion-flex-justify-content-flex-start fusion-content-layout-column\"><div class=\"fusion-builder-row fusion-builder-row-inner fusion-row fusion-flex-align-items-flex-start fusion-flex-content-wrap\" style=\"width:104% !important;max-width:104% !important;margin-left: calc(-4% \/ 2 );margin-right: calc(-4% \/ 2 );\"><div class=\"fusion-layout-column fusion_builder_column_inner fusion-builder-nested-column-2 fusion_builder_column_inner_1_2 1_2 fusion-flex-column\" style=\"--awb-padding-top:25px;--awb-padding-right:25px;--awb-padding-bottom:25px;--awb-padding-left:25px;--awb-bg-size:cover;--awb-width-large:50%;--awb-margin-top-large:0px;--awb-spacing-right-large:3.84%;--awb-margin-bottom-large:0px;--awb-spacing-left-large:3.84%;--awb-width-medium:50%;--awb-order-medium:0;--awb-spacing-right-medium:3.84%;--awb-spacing-left-medium:3.84%;--awb-width-small:100%;--awb-order-small:0;--awb-spacing-right-small:1.92%;--awb-spacing-left-small:1.92%;\" data-scroll-devices=\"small-visibility,medium-visibility,large-visibility\"><div class=\"fusion-column-wrapper fusion-column-has-shadow fusion-flex-justify-content-space-between fusion-content-layout-column\"><div class=\"fusion-text fusion-text-16 EyeBrow White\"><p><a id=\"Contact\"><\/a>Get in touch!<\/p>\n<\/div><div class=\"fusion-separator fusion-full-width-sep\" style=\"align-self: center;margin-left: auto;margin-right: auto;margin-top:60px;width:100%;\"><\/div><div class=\"fusion-text fusion-text-17 BoxText White WhiteLink\"><p>Want to know more about cookie auditing? Send a message using the contact function or pick up the phone and call 020-66 99 00.<\/p>\n<p>If it turns out that you need some extra support after the screening, our <a href=\"https:\/\/www.secify.com\/en\/information-security\/data-protection-officer-dso-dpo\/\" target=\"_blank\" rel=\"noopener\">external data protection officers<\/a> can help you.<\/p>\n<\/div><\/div><\/div><div class=\"fusion-layout-column fusion_builder_column_inner fusion-builder-nested-column-3 fusion_builder_column_inner_1_2 1_2 fusion-flex-column\" style=\"--awb-overflow:hidden;--awb-bg-color:#ffffff;--awb-bg-color-hover:#ffffff;--awb-bg-size:cover;--awb-border-radius:0px 50px 0px 0px;--awb-width-large:50%;--awb-margin-top-large:0px;--awb-spacing-right-large:3.84%;--awb-margin-bottom-large:0px;--awb-spacing-left-large:3.84%;--awb-width-medium:50%;--awb-order-medium:0;--awb-spacing-right-medium:3.84%;--awb-spacing-left-medium:3.84%;--awb-width-small:100%;--awb-order-small:0;--awb-spacing-right-small:1.92%;--awb-spacing-left-small:1.92%;\" data-scroll-devices=\"small-visibility,medium-visibility,large-visibility\"><div class=\"fusion-column-wrapper fusion-column-has-shadow fusion-flex-justify-content-flex-start fusion-content-layout-column\">[gravityform id=\"1\" field_values=\"sa_sida_namn=GDPR audit\" title=\"false\" ajax=\"true\"]<\/div><\/div><\/div><\/div><\/div><\/div><\/div>\n","protected":false},"excerpt":{"rendered":"","protected":false},"author":9,"featured_media":0,"parent":0,"menu_order":0,"comment_status":"closed","ping_status":"closed","template":"100-width.php","meta":{"staatic_meta_publish":"","footnotes":""},"class_list":["post-19416","page","type-page","status-publish","hentry"],"_links":{"self":[{"href":"https:\/\/cranky-liskov-4cf418.wp.onstaatic.com\/en\/wp-json\/wp\/v2\/pages\/19416","targetHints":{"allow":["GET"]}}],"collection":[{"href":"https:\/\/cranky-liskov-4cf418.wp.onstaatic.com\/en\/wp-json\/wp\/v2\/pages"}],"about":[{"href":"https:\/\/cranky-liskov-4cf418.wp.onstaatic.com\/en\/wp-json\/wp\/v2\/types\/page"}],"author":[{"embeddable":true,"href":"https:\/\/cranky-liskov-4cf418.wp.onstaatic.com\/en\/wp-json\/wp\/v2\/users\/9"}],"replies":[{"embeddable":true,"href":"https:\/\/cranky-liskov-4cf418.wp.onstaatic.com\/en\/wp-json\/wp\/v2\/comments?post=19416"}],"version-history":[{"count":0,"href":"https:\/\/cranky-liskov-4cf418.wp.onstaatic.com\/en\/wp-json\/wp\/v2\/pages\/19416\/revisions"}],"wp:attachment":[{"href":"https:\/\/cranky-liskov-4cf418.wp.onstaatic.com\/en\/wp-json\/wp\/v2\/media?parent=19416"}],"curies":[{"name":"wp","href":"https:\/\/api.w.org\/{rel}","templated":true}]}}