{"id":19446,"date":"2024-06-12T14:14:13","date_gmt":"2024-06-12T12:14:13","guid":{"rendered":"https:\/\/cranky-liskov-4cf418.wp.onstaatic.com\/training-courses\/"},"modified":"2024-06-12T14:14:20","modified_gmt":"2024-06-12T12:14:20","slug":"training-courses","status":"publish","type":"page","link":"https:\/\/cranky-liskov-4cf418.wp.onstaatic.com\/en\/training-courses\/","title":{"rendered":"Training courses"},"content":{"rendered":"<div class=\"fusion-fullwidth fullwidth-box fusion-builder-row-1 fusion-flex-container has-pattern-background has-mask-background fusion-parallax-none hundred-percent-fullwidth non-hundred-percent-height-scrolling\" style=\"--awb-border-radius-top-left:0px;--awb-border-radius-top-right:0px;--awb-border-radius-bottom-right:0px;--awb-border-radius-bottom-left:0px;--awb-background-image:url(&quot;https:\/\/www.secify.com\/wp-content\/uploads\/2022\/05\/utbildningar-huvudbild.jpg&quot;);--awb-background-size:cover;--awb-flex-wrap:wrap;\" ><div class=\"fusion-builder-row fusion-row fusion-flex-align-items-flex-start fusion-flex-content-wrap\" style=\"width:104% !important;max-width:104% !important;margin-left: calc(-4% \/ 2 );margin-right: calc(-4% \/ 2 );\"><div class=\"fusion-layout-column fusion_builder_column fusion-builder-column-0 fusion_builder_column_1_1 1_1 fusion-flex-column bgh1\" style=\"--awb-padding-top:250px;--awb-padding-bottom:150px;--awb-bg-size:cover;--awb-width-large:100%;--awb-margin-top-large:0px;--awb-spacing-right-large:1.92%;--awb-margin-bottom-large:20px;--awb-spacing-left-large:1.92%;--awb-width-medium:100%;--awb-order-medium:0;--awb-spacing-right-medium:1.92%;--awb-spacing-left-medium:1.92%;--awb-width-small:100%;--awb-order-small:0;--awb-spacing-right-small:1.92%;--awb-spacing-left-small:1.92%;\"><div class=\"fusion-column-wrapper fusion-column-has-shadow fusion-flex-justify-content-flex-start fusion-content-layout-column\"><div class=\"fusion-text fusion-text-1\"><h1 style=\"text-align: center;\"><span style=\"color: #ffffff;\">Training courses<\/span><\/h1>\n<\/div><\/div><\/div><\/div><\/div><div class=\"fusion-fullwidth fullwidth-box fusion-builder-row-2 fusion-flex-container has-pattern-background has-mask-background nonhundred-percent-fullwidth non-hundred-percent-height-scrolling\" style=\"--awb-border-radius-top-left:0px;--awb-border-radius-top-right:0px;--awb-border-radius-bottom-right:0px;--awb-border-radius-bottom-left:0px;--awb-padding-top:60px;--awb-padding-right:0px;--awb-padding-bottom:60px;--awb-padding-left:0px;--awb-margin-top:30px;--awb-margin-bottom:30px;--awb-background-color:var(--awb-color5);--awb-flex-wrap:wrap;\" ><div class=\"fusion-builder-row fusion-row fusion-flex-align-items-flex-start fusion-flex-content-wrap\" style=\"max-width:1248px;margin-left: calc(-4% \/ 2 );margin-right: calc(-4% \/ 2 );\"><div class=\"fusion-layout-column fusion_builder_column fusion-builder-column-1 fusion_builder_column_3_5 3_5 fusion-flex-column\" style=\"--awb-bg-size:cover;--awb-width-large:60%;--awb-margin-top-large:0px;--awb-spacing-right-large:3.2%;--awb-margin-bottom-large:20px;--awb-spacing-left-large:3.2%;--awb-width-medium:60%;--awb-order-medium:0;--awb-spacing-right-medium:3.2%;--awb-spacing-left-medium:3.2%;--awb-width-small:100%;--awb-order-small:0;--awb-spacing-right-small:1.92%;--awb-spacing-left-small:1.92%;\"><div class=\"fusion-column-wrapper fusion-column-has-shadow fusion-flex-justify-content-flex-start fusion-content-layout-column\"><div class=\"fusion-text fusion-text-2\" style=\"--awb-text-transform:none;\"><h2>Training that makes a difference<\/h2>\n<\/div><div class=\"fusion-text fusion-text-3\"><p>As the technical security of organizations improves, attackers are increasingly shifting their focus to individual employees and the human factor. Employees are the company&#8217;s most important resource, but also an information security risk. But with increased awareness, staff are wary, skeptical and prepared for a targeted attack on company information assets.<\/p>\n<\/div><\/div><\/div><div class=\"fusion-layout-column fusion_builder_column fusion-builder-column-2 fusion_builder_column_1_1 1_1 fusion-flex-column fusion-column-no-min-height\" style=\"--awb-bg-size:cover;--awb-width-large:100%;--awb-margin-top-large:0px;--awb-spacing-right-large:1.92%;--awb-margin-bottom-large:20px;--awb-spacing-left-large:1.92%;--awb-width-medium:100%;--awb-order-medium:0;--awb-spacing-right-medium:1.92%;--awb-spacing-left-medium:1.92%;--awb-width-small:100%;--awb-order-small:0;--awb-spacing-right-small:1.92%;--awb-spacing-left-small:1.92%;\"><div class=\"fusion-column-wrapper fusion-column-has-shadow fusion-flex-justify-content-flex-start fusion-content-layout-column\"><div class=\"fusion-image-element \" style=\"--awb-caption-title-font-family:var(--h2_typography-font-family);--awb-caption-title-font-weight:var(--h2_typography-font-weight);--awb-caption-title-font-style:var(--h2_typography-font-style);--awb-caption-title-size:var(--h2_typography-font-size);--awb-caption-title-transform:var(--h2_typography-text-transform);--awb-caption-title-line-height:var(--h2_typography-line-height);--awb-caption-title-letter-spacing:var(--h2_typography-letter-spacing);\"><span class=\" fusion-imageframe imageframe-none imageframe-1 hover-type-none\"><img width=\"1920\" height=\"1021\" alt=\"IT and information security training courses\" title=\"secify_komplementbild_kaffekopp\" src=\"https:\/\/www.secify.com\/wp-content\/uploads\/2023\/10\/secify_komplementbild_kaffekopp.jpg\" class=\"img-responsive wp-image-17397\" srcset=\"https:\/\/cranky-liskov-4cf418.wp.onstaatic.com\/wp-content\/uploads\/2023\/10\/secify_komplementbild_kaffekopp-200x106.jpg 200w, https:\/\/cranky-liskov-4cf418.wp.onstaatic.com\/wp-content\/uploads\/2023\/10\/secify_komplementbild_kaffekopp-400x213.jpg 400w, https:\/\/cranky-liskov-4cf418.wp.onstaatic.com\/wp-content\/uploads\/2023\/10\/secify_komplementbild_kaffekopp-600x319.jpg 600w, https:\/\/cranky-liskov-4cf418.wp.onstaatic.com\/wp-content\/uploads\/2023\/10\/secify_komplementbild_kaffekopp-800x425.jpg 800w, https:\/\/cranky-liskov-4cf418.wp.onstaatic.com\/wp-content\/uploads\/2023\/10\/secify_komplementbild_kaffekopp-1200x638.jpg 1200w, https:\/\/cranky-liskov-4cf418.wp.onstaatic.com\/wp-content\/uploads\/2023\/10\/secify_komplementbild_kaffekopp.jpg 1920w\" sizes=\"(max-width: 640px) 100vw, 1200px\" \/><\/span><\/div><div class=\"fusion-separator fusion-full-width-sep\" style=\"align-self: center;margin-left: auto;margin-right: auto;margin-top:30px;width:100%;\"><\/div><\/div><\/div><\/div><\/div><div class=\"fusion-fullwidth fullwidth-box fusion-builder-row-3 fusion-flex-container nonhundred-percent-fullwidth non-hundred-percent-height-scrolling\" style=\"--awb-border-radius-top-left:0px;--awb-border-radius-top-right:0px;--awb-border-radius-bottom-right:0px;--awb-border-radius-bottom-left:0px;--awb-margin-top:30px;--awb-margin-bottom:30px;--awb-flex-wrap:wrap;\" ><div class=\"fusion-builder-row fusion-row fusion-flex-align-items-center fusion-flex-content-wrap\" style=\"max-width:1248px;margin-left: calc(-4% \/ 2 );margin-right: calc(-4% \/ 2 );\"><div class=\"fusion-layout-column fusion_builder_column fusion-builder-column-3 fusion_builder_column_3_4 3_4 fusion-flex-column\" style=\"--awb-bg-size:cover;--awb-width-large:75%;--awb-margin-top-large:60px;--awb-spacing-right-large:2.56%;--awb-margin-bottom-large:20px;--awb-spacing-left-large:2.56%;--awb-width-medium:75%;--awb-order-medium:0;--awb-spacing-right-medium:2.56%;--awb-spacing-left-medium:2.56%;--awb-width-small:100%;--awb-order-small:0;--awb-spacing-right-small:1.92%;--awb-spacing-left-small:1.92%;\" data-scroll-devices=\"small-visibility,medium-visibility,large-visibility\"><div class=\"fusion-column-wrapper fusion-column-has-shadow fusion-flex-justify-content-flex-start fusion-content-layout-column\"><div class=\"fusion-text fusion-text-4\"><h2>A safe choice to put your security in our hands<\/h2>\n<\/div><div class=\"fusion-text fusion-text-5\" style=\"--awb-text-transform:none;\"><p>Our trainers work on a daily basis with IT and information security, or IT law in various IT security-related projects. You can therefore be sure that our training courses are up-to-date and relevant. Are you looking for a specific training? Get in touch and we will get back to you.<\/p>\n<\/div><\/div><\/div><\/div><\/div><div class=\"fusion-fullwidth fullwidth-box fusion-builder-row-4 fusion-flex-container has-pattern-background has-mask-background nonhundred-percent-fullwidth non-hundred-percent-height-scrolling\" style=\"--awb-border-radius-top-left:50px;--awb-border-radius-top-right:50px;--awb-border-radius-bottom-right:50px;--awb-border-radius-bottom-left:50px;--awb-overflow:hidden;--awb-padding-top:60px;--awb-padding-right:25px;--awb-padding-bottom:60px;--awb-padding-left:25px;--awb-margin-top:60px;--awb-background-color:var(--awb-color8);--awb-flex-wrap:wrap;\" ><div class=\"fusion-builder-row fusion-row fusion-flex-align-items-flex-start fusion-flex-content-wrap\" style=\"max-width:1248px;margin-left: calc(-4% \/ 2 );margin-right: calc(-4% \/ 2 );\"><div class=\"fusion-layout-column fusion_builder_column fusion-builder-column-4 fusion_builder_column_3_4 3_4 fusion-flex-column\" style=\"--awb-bg-size:cover;--awb-width-large:75%;--awb-margin-top-large:0px;--awb-spacing-right-large:2.56%;--awb-margin-bottom-large:20px;--awb-spacing-left-large:2.56%;--awb-width-medium:75%;--awb-order-medium:0;--awb-spacing-right-medium:2.56%;--awb-spacing-left-medium:2.56%;--awb-width-small:100%;--awb-order-small:0;--awb-spacing-right-small:1.92%;--awb-spacing-left-small:1.92%;\"><div class=\"fusion-column-wrapper fusion-column-has-shadow fusion-flex-justify-content-flex-start fusion-content-layout-column\"><div class=\"fusion-text fusion-text-6 EyeBrow\"><p>Det h\u00e4r erbjuder vi<\/p>\n<\/div><div class=\"fusion-text fusion-text-7\"><h2>V\u00e5ra utbildningar<\/h2>\n<\/div><\/div><\/div><div class=\"fusion-layout-column fusion_builder_column fusion-builder-column-5 fusion_builder_column_1_3 1_3 fusion-flex-column\" style=\"--awb-bg-size:cover;--awb-width-large:33.333333333333%;--awb-margin-top-large:0px;--awb-spacing-right-large:5.76%;--awb-margin-bottom-large:20px;--awb-spacing-left-large:5.76%;--awb-width-medium:33.333333333333%;--awb-order-medium:0;--awb-spacing-right-medium:5.76%;--awb-spacing-left-medium:5.76%;--awb-width-small:100%;--awb-order-small:0;--awb-spacing-right-small:1.92%;--awb-spacing-left-small:1.92%;\" data-scroll-devices=\"small-visibility,medium-visibility,large-visibility\"><div class=\"fusion-column-wrapper fusion-column-has-shadow fusion-flex-justify-content-flex-start fusion-content-layout-column\"><div class=\"fusion-text fusion-text-8\"><h3>Informationss\u00e4kerhet<\/h3>\n<\/div><\/div><\/div><div class=\"fusion-layout-column fusion_builder_column fusion-builder-column-6 fusion_builder_column_1_3 1_3 fusion-flex-column\" style=\"--awb-bg-size:cover;--awb-width-large:33.333333333333%;--awb-margin-top-large:0px;--awb-spacing-right-large:5.76%;--awb-margin-bottom-large:20px;--awb-spacing-left-large:5.76%;--awb-width-medium:33.333333333333%;--awb-order-medium:0;--awb-spacing-right-medium:5.76%;--awb-spacing-left-medium:5.76%;--awb-width-small:100%;--awb-order-small:0;--awb-spacing-right-small:1.92%;--awb-spacing-left-small:1.92%;\"><div class=\"fusion-column-wrapper fusion-column-has-shadow fusion-flex-justify-content-flex-start fusion-content-layout-column\"><div class=\"fusion-text fusion-text-9\"><h3>Cybers\u00e4kerhet<\/h3>\n<\/div><\/div><\/div><div class=\"fusion-layout-column fusion_builder_column fusion-builder-column-7 fusion_builder_column_1_3 1_3 fusion-flex-column\" style=\"--awb-bg-size:cover;--awb-width-large:33.333333333333%;--awb-margin-top-large:0px;--awb-spacing-right-large:5.76%;--awb-margin-bottom-large:20px;--awb-spacing-left-large:5.76%;--awb-width-medium:33.333333333333%;--awb-order-medium:0;--awb-spacing-right-medium:5.76%;--awb-spacing-left-medium:5.76%;--awb-width-small:100%;--awb-order-small:0;--awb-spacing-right-small:1.92%;--awb-spacing-left-small:1.92%;\"><div class=\"fusion-column-wrapper fusion-column-has-shadow fusion-flex-justify-content-flex-start fusion-content-layout-column\"><div class=\"fusion-text fusion-text-10\"><h3>Dataskydd<\/h3>\n<\/div><\/div><\/div><\/div><\/div>\n<div class=\"fusion-fullwidth fullwidth-box fusion-builder-row-5 fusion-flex-container has-pattern-background has-mask-background nonhundred-percent-fullwidth non-hundred-percent-height-scrolling\" style=\"--awb-border-radius-top-left:0px;--awb-border-radius-top-right:0px;--awb-border-radius-bottom-right:0px;--awb-border-radius-bottom-left:0px;--awb-margin-top-small:20px;--awb-flex-wrap:wrap;\" ><div class=\"fusion-builder-row fusion-row fusion-flex-align-items-flex-start fusion-flex-content-wrap\" style=\"max-width:1248px;margin-left: calc(-4% \/ 2 );margin-right: calc(-4% \/ 2 );\"><div class=\"fusion-layout-column fusion_builder_column fusion-builder-column-8 fusion_builder_column_1_1 1_1 fusion-flex-column fusion-flex-align-self-flex-start fusion-column-no-min-height\" style=\"--awb-padding-top:30px;--awb-padding-bottom:30px;--awb-bg-size:cover;--awb-width-large:100%;--awb-margin-top-large:0px;--awb-spacing-right-large:1.92%;--awb-margin-bottom-large:20px;--awb-spacing-left-large:1.92%;--awb-width-medium:100%;--awb-order-medium:0;--awb-spacing-right-medium:1.92%;--awb-spacing-left-medium:1.92%;--awb-width-small:100%;--awb-order-small:0;--awb-spacing-right-small:1.92%;--awb-spacing-left-small:1.92%;\" data-scroll-devices=\"small-visibility,medium-visibility,large-visibility\"><div class=\"fusion-column-wrapper fusion-column-has-shadow fusion-flex-justify-content-flex-start fusion-content-layout-column\"><div class=\"LogoMarquee\">\n  <div class=\"LogoTrack\">\n    <div class=\"LogoBox\"><img class=\"LogoResp LogoDesk\" src=\"\/wp-content\/uploads\/2026\/03\/svenska-ingenjorer-logo.png\" alt=\"Sveriges Ingenj\u00f6rer\"><\/div>\n    <div class=\"LogoBox\"><img class=\"LogoResp LogoDesk\" src=\"\/wp-content\/uploads\/2022\/04\/svedbergs_logo.png\" alt=\"Svedbergs\"><\/div>\n    <div class=\"LogoBox\"><img class=\"LogoResp LogoDesk\" src=\"\/wp-content\/uploads\/2023\/05\/lansforsakringar_jonkoping_logotyp-2.png\" alt=\"L\u00e4nsf\u00f6rs\u00e4kringar J\u00f6nk\u00f6ping\"><\/div>\n    <div class=\"LogoBox\"><img class=\"LogoResp LogoDesk\" src=\"\/wp-content\/uploads\/2023\/05\/if.png\" alt=\"If\"><\/div>\n    <div class=\"LogoBox\"><img class=\"LogoResp LogoDesk\" src=\"\/wp-content\/uploads\/2022\/11\/coop-medmera.png\" alt=\"Coop MedMera\"><\/div>\n    <div class=\"LogoBox\"><img class=\"LogoResp LogoDesk\" src=\"\/wp-content\/uploads\/2023\/10\/infare.png\" alt=\"Infare\"><\/div>\n    <div class=\"LogoBox\"><img class=\"LogoResp LogoDesk\" src=\"\/wp-content\/uploads\/2023\/10\/tidsam.png\" alt=\"Tidsam\"><\/div>\n    <div class=\"LogoBox\"><img class=\"LogoResp LogoDesk\" src=\"\/wp-content\/uploads\/2019\/12\/aleris-logo.png\" alt=\"Aleris\"><\/div>\n  <\/div>\n<\/div>\n\n<script>\ndocument.addEventListener(\"DOMContentLoaded\", function () {\n  document.querySelectorAll(\".LogoTrack\").forEach(function(track) {\n    if (!track.dataset.duplicated) {\n      track.innerHTML += track.innerHTML;\n      track.dataset.duplicated = \"true\";\n    }\n  });\n});\n<\/script><\/div><\/div><\/div><\/div>\n<div class=\"fusion-fullwidth fullwidth-box fusion-builder-row-6 fusion-flex-container has-pattern-background has-mask-background nonhundred-percent-fullwidth non-hundred-percent-height-scrolling\" style=\"--awb-border-radius-top-left:0px;--awb-border-radius-top-right:0px;--awb-border-radius-bottom-right:0px;--awb-border-radius-bottom-left:0px;--awb-margin-top:120px;--awb-flex-wrap:wrap;\" ><div class=\"fusion-builder-row fusion-row fusion-flex-align-items-flex-start fusion-flex-content-wrap\" style=\"max-width:1248px;margin-left: calc(-4% \/ 2 );margin-right: calc(-4% \/ 2 );\"><div class=\"fusion-layout-column fusion_builder_column fusion-builder-column-9 fusion_builder_column_1_1 1_1 fusion-flex-column\" style=\"--awb-overflow:hidden;--awb-bg-color:var(--awb-color2);--awb-bg-color-hover:var(--awb-color2);--awb-bg-size:cover;--awb-border-radius:0px 50px 0px 50px;--awb-width-large:100%;--awb-margin-top-large:0px;--awb-spacing-right-large:1.92%;--awb-margin-bottom-large:20px;--awb-spacing-left-large:1.92%;--awb-width-medium:100%;--awb-order-medium:0;--awb-spacing-right-medium:1.92%;--awb-spacing-left-medium:1.92%;--awb-width-small:100%;--awb-order-small:0;--awb-spacing-right-small:1.92%;--awb-spacing-left-small:1.92%;\" data-scroll-devices=\"small-visibility,medium-visibility,large-visibility\"><div class=\"fusion-column-wrapper fusion-column-has-shadow fusion-flex-justify-content-flex-start fusion-content-layout-column\"><div class=\"fusion-builder-row fusion-builder-row-inner fusion-row fusion-flex-align-items-flex-start fusion-flex-content-wrap\" style=\"width:104% !important;max-width:104% !important;margin-left: calc(-4% \/ 2 );margin-right: calc(-4% \/ 2 );\"><div class=\"fusion-layout-column fusion_builder_column_inner fusion-builder-nested-column-0 fusion_builder_column_inner_1_2 1_2 fusion-flex-column\" style=\"--awb-padding-top:25px;--awb-padding-right:25px;--awb-padding-bottom:25px;--awb-padding-left:25px;--awb-bg-size:cover;--awb-width-large:50%;--awb-margin-top-large:0px;--awb-spacing-right-large:3.84%;--awb-margin-bottom-large:0px;--awb-spacing-left-large:3.84%;--awb-width-medium:50%;--awb-order-medium:0;--awb-spacing-right-medium:3.84%;--awb-spacing-left-medium:3.84%;--awb-width-small:100%;--awb-order-small:0;--awb-spacing-right-small:1.92%;--awb-spacing-left-small:1.92%;\" data-scroll-devices=\"small-visibility,medium-visibility,large-visibility\"><div class=\"fusion-column-wrapper fusion-column-has-shadow fusion-flex-justify-content-space-between fusion-content-layout-column\"><div class=\"fusion-text fusion-text-11 EyeBrow White\"><p><a id=\"kontakt\"><\/a>H\u00f6r av dig!<\/p>\n<\/div><div class=\"fusion-separator fusion-full-width-sep\" style=\"align-self: center;margin-left: auto;margin-right: auto;margin-top:60px;width:100%;\"><\/div><div class=\"fusion-text fusion-text-12 BoxText White WhiteLink\"><p>Verkar den h\u00e4r utbildningen intressant f\u00f6r ditt f\u00f6retag kan du antingen skicka ett meddelande med kontaktfunktionen, eller helt enkelt lyfta p\u00e5 luren och ringa 020-66 99 00.<\/p>\n<\/div><\/div><\/div><div class=\"fusion-layout-column fusion_builder_column_inner fusion-builder-nested-column-1 fusion_builder_column_inner_1_2 1_2 fusion-flex-column\" style=\"--awb-overflow:hidden;--awb-bg-color:#ffffff;--awb-bg-color-hover:#ffffff;--awb-bg-size:cover;--awb-border-radius:0px 50px 0px 0px;--awb-width-large:50%;--awb-margin-top-large:0px;--awb-spacing-right-large:3.84%;--awb-margin-bottom-large:0px;--awb-spacing-left-large:3.84%;--awb-width-medium:50%;--awb-order-medium:0;--awb-spacing-right-medium:3.84%;--awb-spacing-left-medium:3.84%;--awb-width-small:100%;--awb-order-small:0;--awb-spacing-right-small:1.92%;--awb-spacing-left-small:1.92%;\" data-scroll-devices=\"small-visibility,medium-visibility,large-visibility\"><div class=\"fusion-column-wrapper fusion-column-has-shadow fusion-flex-justify-content-flex-start fusion-content-layout-column\">\n<div class=\"wpcf7 no-js\" id=\"wpcf7-f22352-o1\" lang=\"sv-SE\" dir=\"ltr\" data-wpcf7-id=\"22352\">\n<div class=\"screen-reader-response\"><p role=\"status\" aria-live=\"polite\" aria-atomic=\"true\"><\/p> <ul><\/ul><\/div>\n<form action=\"\/en\/wp-json\/wp\/v2\/pages\/19446#wpcf7-f22352-o1\" method=\"post\" class=\"wpcf7-form init\" aria-label=\"Kontaktformul\u00e4r\"  data-status=\"init\" data-staatic=\"true\" name=\"ContactForm\" data-staatic-honeypot=\"ccc2c50f86\"><label for=\"ccc2c50f86\" class=\"h160f146acb\">If you are human, leave this field blank<\/label>\n            <input type=\"text\" name=\"ccc2c50f86\" class=\"h160f146acb\" autocomplete=\"off\" readonly>\n<fieldset class=\"hidden-fields-container\"><input type=\"hidden\" name=\"_wpcf7\" value=\"22352\" \/><input type=\"hidden\" name=\"_wpcf7_version\" value=\"6.1.5\" \/><input type=\"hidden\" name=\"_wpcf7_locale\" value=\"sv_SE\" \/><input type=\"hidden\" name=\"_wpcf7_unit_tag\" value=\"wpcf7-f22352-o1\" \/><input type=\"hidden\" name=\"_wpcf7_container_post\" value=\"0\" \/><input type=\"hidden\" name=\"_wpcf7_posted_data_hash\" value=\"\" \/>\n<\/fieldset>\n<div style=\"display: flex; gap: 16px;\">\n\t<div style=\"flex: 1;\">\n\t\t<p><span class=\"wpcf7-form-control-wrap\" data-name=\"your-first-name\"><input size=\"40\" maxlength=\"400\" class=\"wpcf7-form-control wpcf7-text wpcf7-validates-as-required\" aria-required=\"true\" aria-invalid=\"false\" placeholder=\"F\u00f6rnamn\" value=\"\" type=\"text\" name=\"your-first-name\" required \/><\/span>\n\t\t<\/p>\n\t<\/div>\n\t<div style=\"flex: 1;\">\n\t\t<p><span class=\"wpcf7-form-control-wrap\" data-name=\"your-last-name\"><input size=\"40\" maxlength=\"400\" class=\"wpcf7-form-control wpcf7-text wpcf7-validates-as-required\" aria-required=\"true\" aria-invalid=\"false\" placeholder=\"Efternamn\" value=\"\" type=\"text\" name=\"your-last-name\" required \/><\/span>\n\t\t<\/p>\n\t<\/div>\n<\/div>\n<div style=\"display: flex; gap: 16px;\">\n\t<div style=\"flex: 1;\">\n\t\t<p><span class=\"wpcf7-form-control-wrap\" data-name=\"your-email\"><input size=\"40\" maxlength=\"400\" class=\"wpcf7-form-control wpcf7-email wpcf7-validates-as-required wpcf7-text wpcf7-validates-as-email\" aria-required=\"true\" aria-invalid=\"false\" placeholder=\"E-post\" value=\"\" type=\"email\" name=\"your-email\" required \/><\/span>\n\t\t<\/p>\n\t<\/div>\n\t<div style=\"flex: 1;\">\n\t\t<p><span class=\"wpcf7-form-control-wrap\" data-name=\"your-phone\"><input size=\"40\" maxlength=\"400\" class=\"wpcf7-form-control wpcf7-tel wpcf7-validates-as-required wpcf7-text wpcf7-validates-as-tel\" aria-required=\"true\" aria-invalid=\"false\" placeholder=\"Telefon\" value=\"\" type=\"tel\" name=\"your-phone\" required \/><\/span>\n\t\t<\/p>\n\t<\/div>\n<\/div>\n<p><span class=\"wpcf7-form-control-wrap\" data-name=\"company\"><input size=\"40\" maxlength=\"400\" class=\"wpcf7-form-control wpcf7-text wpcf7-validates-as-required\" aria-required=\"true\" aria-invalid=\"false\" placeholder=\"F\u00f6retagsnamn\" value=\"\" type=\"text\" name=\"company\" required \/><\/span>\n<\/p>\n<p><span class=\"wpcf7-form-control-wrap\" data-name=\"your-message\"><textarea cols=\"40\" rows=\"10\" maxlength=\"2000\" class=\"wpcf7-form-control wpcf7-textarea\" aria-invalid=\"false\" placeholder=\"Meddelande\" name=\"your-message\"><\/textarea><\/span>\n<\/p>\n<p><label>Hur hittade du till oss?<\/label><br \/>\n<span class=\"wpcf7-form-control-wrap\" data-name=\"how-did-you-find-us\"><select class=\"wpcf7-form-control wpcf7-select\" aria-invalid=\"false\" name=\"how-did-you-find-us\"><option value=\"Jag blev rekommenderad\">Jag blev rekommenderad<\/option><option value=\"Jag s\u00f6kte p\u00e5 Google\">Jag s\u00f6kte p\u00e5 Google<\/option><option value=\"Jag s\u00e5g en annons via LinkedIn\">Jag s\u00e5g en annons via LinkedIn<\/option><option value=\"Annat\">Annat<\/option><\/select><\/span>\n<\/p>\n<p><span class=\"wpcf7-form-control-wrap\" data-name=\"acceptance-686\"><span class=\"wpcf7-form-control wpcf7-acceptance\"><span class=\"wpcf7-list-item\"><label><input type=\"checkbox\" name=\"acceptance-686\" value=\"1\" aria-invalid=\"false\" \/><span class=\"wpcf7-list-item-label\">Jag accepterar att mina personuppgifter behandlas i enlighet med Secifys integritetsskyddspolicy<\/span><\/label><\/span><\/span><\/span>\n<\/p>\n<p><input class=\"wpcf7-form-control wpcf7-submit has-spinner\" type=\"submit\" value=\"Skicka\" \/>\n<\/p><div class=\"fusion-alert alert custom alert-custom fusion-alert-center wpcf7-response-output awb-alert-native-link-color alert-dismissable awb-alert-close-boxed\" style=\"--awb-border-size:1px;--awb-border-top-left-radius:0px;--awb-border-top-right-radius:0px;--awb-border-bottom-left-radius:0px;--awb-border-bottom-right-radius:0px;\" role=\"alert\"><div class=\"fusion-alert-content-wrapper\"><span class=\"fusion-alert-content\"><\/span><\/div><button type=\"button\" class=\"close toggle-alert\" data-dismiss=\"alert\" aria-label=\"Close\">&times;<\/button><\/div>\n<\/form>\n<\/div>\n<\/div><\/div><\/div><\/div><\/div><\/div><\/div>\n\n","protected":false},"excerpt":{"rendered":"","protected":false},"author":9,"featured_media":0,"parent":0,"menu_order":0,"comment_status":"closed","ping_status":"closed","template":"100-width.php","meta":{"staatic_meta_publish":"","footnotes":""},"class_list":["post-19446","page","type-page","status-publish","hentry"],"_links":{"self":[{"href":"https:\/\/cranky-liskov-4cf418.wp.onstaatic.com\/en\/wp-json\/wp\/v2\/pages\/19446","targetHints":{"allow":["GET"]}}],"collection":[{"href":"https:\/\/cranky-liskov-4cf418.wp.onstaatic.com\/en\/wp-json\/wp\/v2\/pages"}],"about":[{"href":"https:\/\/cranky-liskov-4cf418.wp.onstaatic.com\/en\/wp-json\/wp\/v2\/types\/page"}],"author":[{"embeddable":true,"href":"https:\/\/cranky-liskov-4cf418.wp.onstaatic.com\/en\/wp-json\/wp\/v2\/users\/9"}],"replies":[{"embeddable":true,"href":"https:\/\/cranky-liskov-4cf418.wp.onstaatic.com\/en\/wp-json\/wp\/v2\/comments?post=19446"}],"version-history":[{"count":0,"href":"https:\/\/cranky-liskov-4cf418.wp.onstaatic.com\/en\/wp-json\/wp\/v2\/pages\/19446\/revisions"}],"wp:attachment":[{"href":"https:\/\/cranky-liskov-4cf418.wp.onstaatic.com\/en\/wp-json\/wp\/v2\/media?parent=19446"}],"curies":[{"name":"wp","href":"https:\/\/api.w.org\/{rel}","templated":true}]}}